{"id":64,"date":"2025-02-25T18:58:27","date_gmt":"2025-02-25T17:58:27","guid":{"rendered":"https:\/\/bavarian-energy-group.com\/?page_id=64"},"modified":"2025-04-09T18:43:19","modified_gmt":"2025-04-09T16:43:19","slug":"unternehmen","status":"publish","type":"page","link":"https:\/\/geo-hydrogenia-europe.com\/index.php\/unternehmen\/","title":{"rendered":"Unternehmen"},"content":{"rendered":"\n<figure class=\"wp-block-image size-large\"><img loading=\"lazy\" decoding=\"async\" width=\"1024\" height=\"288\" src=\"https:\/\/geo-hydrogenia-europe.com\/wp-content\/uploads\/2025\/02\/Bild-10-1024x288.jpg\" alt=\"\" class=\"wp-image-267\" srcset=\"https:\/\/geo-hydrogenia-europe.com\/wp-content\/uploads\/2025\/02\/Bild-10-1024x288.jpg 1024w, https:\/\/geo-hydrogenia-europe.com\/wp-content\/uploads\/2025\/02\/Bild-10-300x84.jpg 300w, https:\/\/geo-hydrogenia-europe.com\/wp-content\/uploads\/2025\/02\/Bild-10-768x216.jpg 768w, https:\/\/geo-hydrogenia-europe.com\/wp-content\/uploads\/2025\/02\/Bild-10-1536x432.jpg 1536w, https:\/\/geo-hydrogenia-europe.com\/wp-content\/uploads\/2025\/02\/Bild-10.jpg 2000w\" sizes=\"auto, (max-width: 1024px) 100vw, 1024px\" \/><\/figure>\n\n\n\n<p style=\"line-height:1.3\">Wir freuen uns, Ihnen einen umfassenden \u00dcberblick \u00fcber unser Unternehmen, die TT Handels- &amp; Beratungskontor AG, und unsere vielf\u00e4ltigen Kernt\u00e4tigkeitsbereiche zu geben. Seit unserer Gr\u00fcndung im Jahr 1999 haben wir uns mit Leidenschaft der F\u00f6rderung von Innovation und Nachhaltigkeit in einer Vielzahl von Branchen verschrieben.<\/p>\n\n\n\n<p>Unsere Reise begann mit einer klaren Vision: die Gesch\u00e4ftswelt durch innovative L\u00f6sungen und nachhaltige Praktiken zu transformieren. Im Laufe der Jahre haben wir uns kontinuierlich weiterentwickelt und unser Fachwissen erweitert, um den sich st\u00e4ndig \u00e4ndernden Anforderungen des Marktes gerecht zu werden.<\/p>\n\n\n\n<p>Durch strategische Partnerschaften mit f\u00fchrenden Unternehmen und renommierten Forschungseinrichtungen konnten wir stets an der Spitze technologischer Entwicklungen bleiben. Diese Kooperationen erm\u00f6glichen es uns, unseren Kunden ma\u00dfgeschneiderte und zukunftsweisende L\u00f6sungen anzubieten, die nicht nur ihre Effizienz steigern, sondern auch ihre Wettbewerbsf\u00e4higkeit langfristig sichern.<\/p>\n\n\n\n<p>Unsere Kernt\u00e4tigkeitsbereiche umfassen eine breite Palette von Dienstleistungen, darunter umfassende Beratung und Strategieentwicklung, die Implementierung modernster Technologien und Innovationen sowie die F\u00f6rderung von Nachhaltigkeit und Umweltmanagement. Wir unterst\u00fctzen Unternehmen dabei, nachhaltige Gesch\u00e4ftsstrategien zu entwickeln und umzusetzen, ihre Prozesse durch Digitalisierung und neue Technologien zu optimieren und umweltfreundliche Praktiken zu implementieren, die den gesetzlichen Vorschriften entsprechen.<\/p>\n\n\n\n<p style=\"line-height:1.3\">Wir sind stolz darauf, ein vertrauensw\u00fcrdiger Partner f\u00fcr Unternehmen weltweit zu sein und freuen uns darauf, auch in Zukunft gemeinsam mit unseren Kunden erfolgreich zu sein. Unser Engagement f\u00fcr Exzellenz und unsere Leidenschaft f\u00fcr Innovation treiben uns an, stets die besten L\u00f6sungen f\u00fcr die Herausforderungen unserer Zeit zu finden.<\/p>\n\n\n\n<hr class=\"wp-block-separator has-alpha-channel-opacity\" style=\"margin-top:var(--wp--preset--spacing--30);margin-bottom:var(--wp--preset--spacing--30)\"\/>\n\n\n\n<p style=\"line-height:1.3\"><\/p>\n\n\n\n<hr class=\"wp-block-separator has-alpha-channel-opacity is-style-default\" style=\"margin-top:0;margin-bottom:0\"\/>\n","protected":false},"excerpt":{"rendered":"<p>Wir freuen uns, Ihnen einen umfassenden \u00dcberblick \u00fcber unser Unternehmen, die TT Handels- &amp; Beratungskontor AG, und unsere vielf\u00e4ltigen Kernt\u00e4tigkeitsbereiche zu geben. Seit unserer Gr\u00fcndung im Jahr 1999 haben wir uns mit Leidenschaft der F\u00f6rderung von Innovation und Nachhaltigkeit in<\/p>\n","protected":false},"author":1,"featured_media":0,"parent":0,"menu_order":10,"comment_status":"closed","ping_status":"closed","template":"","meta":{"footnotes":""},"class_list":["post-64","page","type-page","status-publish","hentry","","tg-column-two"],"jetpack_sharing_enabled":true,"_links":{"self":[{"href":"https:\/\/geo-hydrogenia-europe.com\/index.php\/wp-json\/wp\/v2\/pages\/64","targetHints":{"allow":["GET"]}}],"collection":[{"href":"https:\/\/geo-hydrogenia-europe.com\/index.php\/wp-json\/wp\/v2\/pages"}],"about":[{"href":"https:\/\/geo-hydrogenia-europe.com\/index.php\/wp-json\/wp\/v2\/types\/page"}],"author":[{"embeddable":true,"href":"https:\/\/geo-hydrogenia-europe.com\/index.php\/wp-json\/wp\/v2\/users\/1"}],"replies":[{"embeddable":true,"href":"https:\/\/geo-hydrogenia-europe.com\/index.php\/wp-json\/wp\/v2\/comments?post=64"}],"version-history":[{"count":16,"href":"https:\/\/geo-hydrogenia-europe.com\/index.php\/wp-json\/wp\/v2\/pages\/64\/revisions"}],"predecessor-version":[{"id":418,"href":"https:\/\/geo-hydrogenia-europe.com\/index.php\/wp-json\/wp\/v2\/pages\/64\/revisions\/418"}],"wp:attachment":[{"href":"https:\/\/geo-hydrogenia-europe.com\/index.php\/wp-json\/wp\/v2\/media?parent=64"}],"curies":[{"name":"wp","href":"https:\/\/api.w.org\/{rel}","templated":true}]}}